{"id":79,"date":"2019-07-11T07:09:54","date_gmt":"2019-07-11T07:09:54","guid":{"rendered":"http:\/\/localhost\/mithra-advisors\/?page_id=79"},"modified":"2024-03-09T09:23:25","modified_gmt":"2024-03-09T09:23:25","slug":"espagnol","status":"publish","type":"page","link":"https:\/\/mithra-inst.org\/index.php\/espagnol\/","title":{"rendered":"Espa\u00f1ol"},"content":{"rendered":"\n\n\t<p>El Instituto Mithra es un Think Tank enfocado en las finanzas mundiales, incluyendo los principales impulsores de la geopol\u00edtica global, la elaboraci\u00f3n de pol\u00edticas nacionales, la macroeconom\u00eda y las tendencias sociales de profundo calado.<\/p>\n<p>Bas\u00e1ndose en una vasta red de asociados, el Instituto Mithra articula los problemas fundamentales de nuestros d\u00edas y los extrapola a posibles resultados con un enfoque equilibrado y dejando aparte las desavenencias pol\u00edticas entre izquierdas y derechas.<\/p>\n<p>M\u00e1s all\u00e1 de su marco anal\u00edtico, el Instituto Mithra aspira a arrojar luz sobre el presente y desarrollar una visi\u00f3n del futuro.<\/p>\n<p>El Instituto Mithra tambi\u00e9n cuenta con el respaldo de Mithrae Asesores, donde nuestros socios brindan un an\u00e1lisis m\u00e1s profundo y proveen de servicios de asesoramiento estrat\u00e9gico centrados en las necesidades espec\u00edficas de nuestros clientes.<\/p>\n<p>Aunque el ingl\u00e9s es el idioma utilizado para nuestras publicaciones y servicios de asesoramiento, nuestros socios y asociados provienen de diferentes or\u00edgenes culturales, ling\u00fc\u00edsticos e ideol\u00f3gicos.<\/p>\n<p>Este es el motivo por el cual es importante para nosotros presentarnos igualmente en los diferentes idiomas dominados por nuestros asociados y asesores.<\/p>\n<p>El Instituto Mithra es un organismo independiente por naturaleza y se enorgullece de su pensamiento cr\u00edtico. Su objetivo es mejorar el di\u00e1logo, el an\u00e1lisis y los intercambios de ideas siempre dejando que las mentes individuales y colectivas decidan su propio destino, si Dios quiere.<\/p>\n\t<p><img loading=\"lazy\" decoding=\"async\" src=\"https:\/\/mithra-inst.org\/wp-content\/uploads\/2020\/07\/blue-3-icons-horizontal-majlis-new-bold-e1594359782945.jpg\" alt=\"\" width=\"199\" height=\"64\" \/><\/p>\n\t<p>\u00a9 2024 Mithra Institute<\/p>\n\n","protected":false},"excerpt":{"rendered":"<p>El Instituto Mithra es un Think Tank enfocado en las finanzas mundiales, incluyendo los principales impulsores de la geopol\u00edtica global, la elaboraci\u00f3n de pol\u00edticas nacionales, la macroeconom\u00eda y las tendencias sociales de profundo calado. Bas\u00e1ndose en una vasta red de asociados, el Instituto Mithra articula los problemas fundamentales de nuestros d\u00edas y los extrapola a &hellip; <\/p>\n<p class=\"link-more\"><a href=\"https:\/\/mithra-inst.org\/index.php\/espagnol\/\" class=\"more-link\">Continue reading<span class=\"screen-reader-text\"> &#8220;Espa\u00f1ol&#8221;<\/span><\/a><\/p>\n","protected":false},"author":1,"featured_media":0,"parent":0,"menu_order":0,"comment_status":"closed","ping_status":"closed","template":"","meta":{"footnotes":""},"class_list":["post-79","page","type-page","status-publish","hentry"],"aioseo_notices":[],"_links":{"self":[{"href":"https:\/\/mithra-inst.org\/index.php\/wp-json\/wp\/v2\/pages\/79","targetHints":{"allow":["GET"]}}],"collection":[{"href":"https:\/\/mithra-inst.org\/index.php\/wp-json\/wp\/v2\/pages"}],"about":[{"href":"https:\/\/mithra-inst.org\/index.php\/wp-json\/wp\/v2\/types\/page"}],"author":[{"embeddable":true,"href":"https:\/\/mithra-inst.org\/index.php\/wp-json\/wp\/v2\/users\/1"}],"replies":[{"embeddable":true,"href":"https:\/\/mithra-inst.org\/index.php\/wp-json\/wp\/v2\/comments?post=79"}],"version-history":[{"count":15,"href":"https:\/\/mithra-inst.org\/index.php\/wp-json\/wp\/v2\/pages\/79\/revisions"}],"predecessor-version":[{"id":2011,"href":"https:\/\/mithra-inst.org\/index.php\/wp-json\/wp\/v2\/pages\/79\/revisions\/2011"}],"wp:attachment":[{"href":"https:\/\/mithra-inst.org\/index.php\/wp-json\/wp\/v2\/media?parent=79"}],"curies":[{"name":"wp","href":"https:\/\/api.w.org\/{rel}","templated":true}]}}