{"id":77,"date":"2019-07-11T07:09:35","date_gmt":"2019-07-11T07:09:35","guid":{"rendered":"http:\/\/localhost\/mithra-advisors\/?page_id=77"},"modified":"2024-03-09T09:22:26","modified_gmt":"2024-03-09T09:22:26","slug":"francais","status":"publish","type":"page","link":"https:\/\/mithra-inst.org\/index.php\/francais\/","title":{"rendered":"Fran\u00e7ais"},"content":{"rendered":"\n\n\t<p>L&#8217;Institut Mithra est un groupe de r\u00e9flexion qui se concentre sur la finance mondiale en prenant en compte les principaux moteurs de la g\u00e9opolitique, de l&#8217;\u00e9laboration des politiques nationales, de la macro\u00e9conomie et des tendances profondes de la soci\u00e9t\u00e9.<\/p>\n<p>S&#8217;appuyant sur un vaste r\u00e9seau d&#8217;associ\u00e9s l&#8217;Institut Mithra articule les probl\u00e8mes fondamentaux de notre \u00e9poque et les extrapole en sc\u00e9narios possibles dans une approche \u00e9quilibr\u00e9e d\u00e9passant les clivages gauche-droite.<\/p>\n<p>Au-del\u00e0 de son cadre analytique l&#8217;Institut Mithra vise \u00e0 d\u00e9velopper une perspicacit\u00e9 du pr\u00e9sent et une vision du futur.<\/p>\n<p>L&#8217;Institut Mithra est \u00e9galement soutenu par Mithrae Advisors o\u00f9 nos partenaires fournissent une analyse plus approfondie et des services de conseil strat\u00e9gique ax\u00e9s sur les besoins sp\u00e9cifiques de nos clients.<\/p>\n<p>M\u00eame si l&#8217;anglais est la langue utilis\u00e9e pour nos publications et nos services de conseil, nos associ\u00e9s et partenaires viennent d&#8217;horizons culturels, linguistiques et id\u00e9ologiques diff\u00e9rents.<\/p>\n<p>C&#8217;est la raison pour laquelle il nous semble important de nous pr\u00e9senter \u00e9galement dans un certain nombre d&#8217;autres langues pratiqu\u00e9es par nos associ\u00e9s et partenaires.<\/p>\n<p>L&#8217;Institut Mithra est ind\u00e9pendant de par sa conception et est fier de sa pens\u00e9e critique. Son objectif est de promouvoir le dialogue, l&#8217;analyse et les \u00e9changes tout en laissant les esprits individuels et collectifs d\u00e9cider de leur propre destin, si Dieu le veut.<\/p>\n<p>&nbsp;<\/p>\n\t<p><img loading=\"lazy\" decoding=\"async\" src=\"https:\/\/mithra-inst.org\/wp-content\/uploads\/2020\/07\/blue-3-icons-horizontal-majlis-new-bold-e1594359782945.jpg\" alt=\"\" width=\"199\" height=\"64\" \/><\/p>\n\t<p>\u00a9 2024 Mithra Institute<\/p>\n\n","protected":false},"excerpt":{"rendered":"<p>L&#8217;Institut Mithra est un groupe de r\u00e9flexion qui se concentre sur la finance mondiale en prenant en compte les principaux moteurs de la g\u00e9opolitique, de l&#8217;\u00e9laboration des politiques nationales, de la macro\u00e9conomie et des tendances profondes de la soci\u00e9t\u00e9. S&#8217;appuyant sur un vaste r\u00e9seau d&#8217;associ\u00e9s l&#8217;Institut Mithra articule les probl\u00e8mes fondamentaux de notre \u00e9poque et &hellip; <\/p>\n<p class=\"link-more\"><a href=\"https:\/\/mithra-inst.org\/index.php\/francais\/\" class=\"more-link\">Continue reading<span class=\"screen-reader-text\"> &#8220;Fran\u00e7ais&#8221;<\/span><\/a><\/p>\n","protected":false},"author":1,"featured_media":0,"parent":0,"menu_order":0,"comment_status":"closed","ping_status":"closed","template":"","meta":{"footnotes":""},"class_list":["post-77","page","type-page","status-publish","hentry"],"aioseo_notices":[],"_links":{"self":[{"href":"https:\/\/mithra-inst.org\/index.php\/wp-json\/wp\/v2\/pages\/77","targetHints":{"allow":["GET"]}}],"collection":[{"href":"https:\/\/mithra-inst.org\/index.php\/wp-json\/wp\/v2\/pages"}],"about":[{"href":"https:\/\/mithra-inst.org\/index.php\/wp-json\/wp\/v2\/types\/page"}],"author":[{"embeddable":true,"href":"https:\/\/mithra-inst.org\/index.php\/wp-json\/wp\/v2\/users\/1"}],"replies":[{"embeddable":true,"href":"https:\/\/mithra-inst.org\/index.php\/wp-json\/wp\/v2\/comments?post=77"}],"version-history":[{"count":13,"href":"https:\/\/mithra-inst.org\/index.php\/wp-json\/wp\/v2\/pages\/77\/revisions"}],"predecessor-version":[{"id":2009,"href":"https:\/\/mithra-inst.org\/index.php\/wp-json\/wp\/v2\/pages\/77\/revisions\/2009"}],"wp:attachment":[{"href":"https:\/\/mithra-inst.org\/index.php\/wp-json\/wp\/v2\/media?parent=77"}],"curies":[{"name":"wp","href":"https:\/\/api.w.org\/{rel}","templated":true}]}}