{"id":57,"date":"2019-07-11T06:48:53","date_gmt":"2019-07-11T06:48:53","guid":{"rendered":"http:\/\/localhost\/mithra-advisors\/?page_id=57"},"modified":"2024-03-09T09:24:22","modified_gmt":"2024-03-09T09:24:22","slug":"deutsch","status":"publish","type":"page","link":"https:\/\/mithra-inst.org\/index.php\/deutsch\/","title":{"rendered":"Deutsch"},"content":{"rendered":"\n\n\t<p>Das Mithra-Institut ist ein Think Tank, der sich auf globale Finanzen konzentriert, einschlie\u00dflich der Hauptfaktoren f\u00fcr Geopolitik, nationale Politik, Makro\u00f6konomie und zugrunde liegende Trends in der Gesellschaft.<\/p>\n<p>Das Mithra-Institut nutzt ein breites Netzwerk von Stipendiaten, um die grundlegenden Probleme unserer Zeit zu artikulieren und sie in einem ausgewogenen und partei\u00fcbergreifenden Ansatz in m\u00f6gliche Ergebnisse zu extrapolieren.<\/p>\n<p>\u00dcber seinen analytischen Rahmen hinaus will das Mithra-Institut den Blick auf die Gegenwart sch\u00e4rfen und eine Vision f\u00fcr die Zukunft entwickeln.<\/p>\n<p>Das Mithra-Institut wird auch von Mithrae Advisors unterst\u00fctzt, wo unsere Partner detailliertere Analysen und strategische Beratungsdienste anbieten, die sich auf die spezifischen Bed\u00fcrfnisse unserer Kunden konzentrieren.<\/p>\n<p>Obwohl Englisch die Sprache f\u00fcr unsere Ver\u00f6ffentlichungen und Beratungsleistungen ist, kommen unsere Stipendiaten und Partner aus verschiedenen kulturellen, sprachlichen und ideologischen Bereichen.<\/p>\n<p>Aus diesem Grund ist es uns wichtig, uns in einer Reihe anderer Sprachen vorzustellen, die von unseren Fellows und Partnern praktiziert werden.<\/p>\n<p>Das Mithra-Institut ist eigenst\u00e4ndig und stolz auf sein kritisches Denken. Ihr Ziel ist es, den Dialog, die Analyse und den Austausch zu verbessern, w\u00e4hrend die individuellen und kollektiven K\u00f6pfe, so Gott will, \u00fcber ihr eigenes Schicksal entscheiden.<\/p>\n<p>&nbsp;<\/p>\n\t<p><img loading=\"lazy\" decoding=\"async\" src=\"https:\/\/mithra-inst.org\/wp-content\/uploads\/2020\/07\/blue-3-icons-horizontal-majlis-new-bold-e1594359782945.jpg\" alt=\"\" width=\"199\" height=\"64\" \/><\/p>\n\t<p>\u00a9 2024 Mithra Institute<\/p>\n\n","protected":false},"excerpt":{"rendered":"<p>Das Mithra-Institut ist ein Think Tank, der sich auf globale Finanzen konzentriert, einschlie\u00dflich der Hauptfaktoren f\u00fcr Geopolitik, nationale Politik, Makro\u00f6konomie und zugrunde liegende Trends in der Gesellschaft. Das Mithra-Institut nutzt ein breites Netzwerk von Stipendiaten, um die grundlegenden Probleme unserer Zeit zu artikulieren und sie in einem ausgewogenen und partei\u00fcbergreifenden Ansatz in m\u00f6gliche Ergebnisse zu &hellip; <\/p>\n<p class=\"link-more\"><a href=\"https:\/\/mithra-inst.org\/index.php\/deutsch\/\" class=\"more-link\">Continue reading<span class=\"screen-reader-text\"> &#8220;Deutsch&#8221;<\/span><\/a><\/p>\n","protected":false},"author":1,"featured_media":0,"parent":0,"menu_order":0,"comment_status":"closed","ping_status":"closed","template":"","meta":{"footnotes":""},"class_list":["post-57","page","type-page","status-publish","hentry"],"aioseo_notices":[],"_links":{"self":[{"href":"https:\/\/mithra-inst.org\/index.php\/wp-json\/wp\/v2\/pages\/57","targetHints":{"allow":["GET"]}}],"collection":[{"href":"https:\/\/mithra-inst.org\/index.php\/wp-json\/wp\/v2\/pages"}],"about":[{"href":"https:\/\/mithra-inst.org\/index.php\/wp-json\/wp\/v2\/types\/page"}],"author":[{"embeddable":true,"href":"https:\/\/mithra-inst.org\/index.php\/wp-json\/wp\/v2\/users\/1"}],"replies":[{"embeddable":true,"href":"https:\/\/mithra-inst.org\/index.php\/wp-json\/wp\/v2\/comments?post=57"}],"version-history":[{"count":11,"href":"https:\/\/mithra-inst.org\/index.php\/wp-json\/wp\/v2\/pages\/57\/revisions"}],"predecessor-version":[{"id":2013,"href":"https:\/\/mithra-inst.org\/index.php\/wp-json\/wp\/v2\/pages\/57\/revisions\/2013"}],"wp:attachment":[{"href":"https:\/\/mithra-inst.org\/index.php\/wp-json\/wp\/v2\/media?parent=57"}],"curies":[{"name":"wp","href":"https:\/\/api.w.org\/{rel}","templated":true}]}}