{"id":1303,"date":"2020-03-28T06:06:17","date_gmt":"2020-03-28T06:06:17","guid":{"rendered":"http:\/\/localhost\/mithra-inst\/?page_id=1303"},"modified":"2024-03-09T09:27:06","modified_gmt":"2024-03-09T09:27:06","slug":"turk","status":"publish","type":"page","link":"https:\/\/mithra-inst.org\/index.php\/turk\/","title":{"rendered":"T\u00fcrk"},"content":{"rendered":"\n\n<p>Mithra Enstit\u00fcs\u00fc finansa odaklanan bit Think Tank\u0131&#8217;d\u0131r: jeopolitik, ulusal politika olu\u015fturma, makroekonomi ve toplumun trendleri de\u011ferlendiriyoruz.<\/p>\n<p>Geni\u015f bir \u00e7evre&#8217;den yararlanan Mithra Enstit\u00fcs\u00fc, zaman\u0131m\u0131z\u0131n temel meselelerini dile getirir, a\u00e7\u0131k ve tarafs\u0131z bir yakla\u015f\u0131mla bunlar\u0131 olas\u0131 sonu\u00e7lara yans\u0131t\u0131r.<\/p>\n<p>Mithra Enstit\u00fcs\u00fc, analitik \u00e7er\u00e7evesinin \u00f6tesinde i\u00e7g\u00f6r\u00fc, \u00f6ng\u00f6r\u00fc ve vizyon geli\u015ftirmeyi ama\u00e7lamaktad\u0131r.<\/p>\n<p>Mithra Enstit\u00fcs\u00fc, m\u00fc\u015fterilerimizin \u00f6zel ihtiya\u00e7lar\u0131na odaklanan daha derinlemesine analiz ve stratejik dan\u0131\u015fmanl\u0131k hizmetleri sundu\u011fu Mithrae Advisors taraf\u0131ndan da desteklenmektedir.<\/p>\n<p>Yay\u0131nlar\u0131m\u0131z ve hizmetlerimiz i\u00e7in kullan\u0131lan dil \u0130ngilizce olsa da, i\u015f ortaklar\u0131m\u0131z farkl\u0131 k\u00fclt\u00fcrel, dilsel ve ideolojik ge\u00e7mi\u015flerden gelmektedir.<\/p>\n<p>Bu nedenle, ortaklar\u0131m\u0131z taraf\u0131ndan uygulanan bir dizi ba\u015fka dilde kendimizi tan\u0131tmam\u0131z \u00f6nemlidir.<\/p>\n<p>Mithra Enstit\u00fcs\u00fc ba\u011f\u0131ms\u0131zd\u0131r ve ele\u015ftirel d\u00fc\u015f\u00fcncesi ile gurur duyar. Amac\u0131m\u0131z, bireysel ve kolektif zihinleri kendi kaderlerine karar vermek i\u00e7in, diyalog, analiz ve de\u011fi\u015fimleri artt\u0131rmakt\u0131r, in\u015fallah.<\/p>\n<p>&nbsp;<\/p>\n\t<p><img loading=\"lazy\" decoding=\"async\" src=\"https:\/\/mithra-inst.org\/wp-content\/uploads\/2020\/07\/blue-3-icons-horizontal-majlis-new-bold-e1594359782945.jpg\" alt=\"\" width=\"199\" height=\"64\" \/><\/p>\n\t<p>\u00a9 2024 Mithra Institute<\/p>\n\n","protected":false},"excerpt":{"rendered":"<p>Mithra Enstit\u00fcs\u00fc finansa odaklanan bit Think Tank\u0131&#8217;d\u0131r: jeopolitik, ulusal politika olu\u015fturma, makroekonomi ve toplumun trendleri de\u011ferlendiriyoruz. Geni\u015f bir \u00e7evre&#8217;den yararlanan Mithra Enstit\u00fcs\u00fc, zaman\u0131m\u0131z\u0131n temel meselelerini dile getirir, a\u00e7\u0131k ve tarafs\u0131z bir yakla\u015f\u0131mla bunlar\u0131 olas\u0131 sonu\u00e7lara yans\u0131t\u0131r. Mithra Enstit\u00fcs\u00fc, analitik \u00e7er\u00e7evesinin \u00f6tesinde i\u00e7g\u00f6r\u00fc, \u00f6ng\u00f6r\u00fc ve vizyon geli\u015ftirmeyi ama\u00e7lamaktad\u0131r. Mithra Enstit\u00fcs\u00fc, m\u00fc\u015fterilerimizin \u00f6zel ihtiya\u00e7lar\u0131na odaklanan daha derinlemesine &hellip; <\/p>\n<p class=\"link-more\"><a href=\"https:\/\/mithra-inst.org\/index.php\/turk\/\" class=\"more-link\">Continue reading<span class=\"screen-reader-text\"> &#8220;T\u00fcrk&#8221;<\/span><\/a><\/p>\n","protected":false},"author":1,"featured_media":0,"parent":0,"menu_order":0,"comment_status":"closed","ping_status":"closed","template":"","meta":{"footnotes":""},"class_list":["post-1303","page","type-page","status-publish","hentry"],"aioseo_notices":[],"_links":{"self":[{"href":"https:\/\/mithra-inst.org\/index.php\/wp-json\/wp\/v2\/pages\/1303","targetHints":{"allow":["GET"]}}],"collection":[{"href":"https:\/\/mithra-inst.org\/index.php\/wp-json\/wp\/v2\/pages"}],"about":[{"href":"https:\/\/mithra-inst.org\/index.php\/wp-json\/wp\/v2\/types\/page"}],"author":[{"embeddable":true,"href":"https:\/\/mithra-inst.org\/index.php\/wp-json\/wp\/v2\/users\/1"}],"replies":[{"embeddable":true,"href":"https:\/\/mithra-inst.org\/index.php\/wp-json\/wp\/v2\/comments?post=1303"}],"version-history":[{"count":8,"href":"https:\/\/mithra-inst.org\/index.php\/wp-json\/wp\/v2\/pages\/1303\/revisions"}],"predecessor-version":[{"id":2018,"href":"https:\/\/mithra-inst.org\/index.php\/wp-json\/wp\/v2\/pages\/1303\/revisions\/2018"}],"wp:attachment":[{"href":"https:\/\/mithra-inst.org\/index.php\/wp-json\/wp\/v2\/media?parent=1303"}],"curies":[{"name":"wp","href":"https:\/\/api.w.org\/{rel}","templated":true}]}}